{"id":128,"date":"2024-01-20T11:21:33","date_gmt":"2024-01-20T11:21:33","guid":{"rendered":"https:\/\/adicale.com\/?page_id=128"},"modified":"2024-01-27T10:46:23","modified_gmt":"2024-01-27T10:46:23","slug":"inicio","status":"publish","type":"page","link":"https:\/\/adicale.com\/?page_id=128","title":{"rendered":"Inicio"},"content":{"rendered":"<div><img loading=\"lazy\" decoding=\"async\" class=\"alignnone size-full wp-image-7\" src=\"https:\/\/adicale.com\/wp-content\/uploads\/2024\/01\/Imagen-1.jpg\" alt=\"\" width=\"172\" height=\"84\" \/><\/div>\n<div>Adicale ea una asociaci\u00f3n de directores y exdirectores de institutos de Educaci\u00f3n Secundaria de Castilla y Le\u00f3n.<\/div>\n<div>Esta asociaci\u00f3n se rige por la Ley 1\/2002 de 22 de marzo de 2002, reguladora del derecho de asociaci\u00f3n.<\/div>\n<div>Adicale se propone:<\/div>\n<div>\n<div>\n<ul>\n<li><span lang=\"ES-TRAD\">La defensa de la ense\u00f1anza p\u00fablica.<\/span><\/li>\n<li>la oferta educativa, ampliar y actualizar los recursos y, en general, mejorar la calidad de la Ense\u00f1anza SECUNDARIA en los centros p\u00fablicos de CASTILLA Y LE\u00d3N.<\/li>\n<li>Desarrollar y defender una pol\u00edtica educativa que promueva la integraci\u00f3n de todo el alumnado en los Centros Educativos, independientemente de su origen sociocultural o econ\u00f3mico.<\/li>\n<li>Coordinar y representar a los Directores asociados de Centros p\u00fablicos, tanto ante la Administraci\u00f3n como ante las Asociaciones Educativas o Profesionales.<\/li>\n<li>Canalizar, reivindicar y defender ante la Administraci\u00f3n las propuestas de los Equipos Directivos y del conjunto de la Comunidad Educativa.<\/li>\n<\/ul>\n<\/div>\n<\/div>\n<div style=\"text-align: center;\"><a href=\"http:\/\/adicale.com\">Atr\u00e1s<\/a><\/div>\n","protected":false},"excerpt":{"rendered":"<p>Adicale ea una asociaci\u00f3n de directores y exdirectores de institutos de Educaci\u00f3n Secundaria de Castilla y Le\u00f3n. Esta asociaci\u00f3n se rige por la Ley 1\/2002 de 22 de marzo de 2002, reguladora del derecho de asociaci\u00f3n. Adicale se propone: La defensa de la ense\u00f1anza p\u00fablica. la oferta educativa, ampliar y actualizar los recursos y, en [&hellip;]<\/p>\n","protected":false},"author":1,"featured_media":0,"parent":0,"menu_order":0,"comment_status":"closed","ping_status":"closed","template":"","meta":{"footnotes":""},"class_list":["post-128","page","type-page","status-publish","hentry"],"_links":{"self":[{"href":"https:\/\/adicale.com\/index.php?rest_route=\/wp\/v2\/pages\/128","targetHints":{"allow":["GET"]}}],"collection":[{"href":"https:\/\/adicale.com\/index.php?rest_route=\/wp\/v2\/pages"}],"about":[{"href":"https:\/\/adicale.com\/index.php?rest_route=\/wp\/v2\/types\/page"}],"author":[{"embeddable":true,"href":"https:\/\/adicale.com\/index.php?rest_route=\/wp\/v2\/users\/1"}],"replies":[{"embeddable":true,"href":"https:\/\/adicale.com\/index.php?rest_route=%2Fwp%2Fv2%2Fcomments&post=128"}],"version-history":[{"count":6,"href":"https:\/\/adicale.com\/index.php?rest_route=\/wp\/v2\/pages\/128\/revisions"}],"predecessor-version":[{"id":220,"href":"https:\/\/adicale.com\/index.php?rest_route=\/wp\/v2\/pages\/128\/revisions\/220"}],"wp:attachment":[{"href":"https:\/\/adicale.com\/index.php?rest_route=%2Fwp%2Fv2%2Fmedia&parent=128"}],"curies":[{"name":"wp","href":"https:\/\/api.w.org\/{rel}","templated":true}]}}